{"id":1399,"date":"2024-01-22T15:03:32","date_gmt":"2024-01-22T14:03:32","guid":{"rendered":"https:\/\/glissxperience.fr\/?page_id=1399"},"modified":"2026-01-13T11:04:27","modified_gmt":"2026-01-13T10:04:27","slug":"conditions-generales-dutilisation","status":"publish","type":"page","link":"https:\/\/glissxperience.fr\/en\/conditions-generales-dutilisation\/","title":{"rendered":"Conditions g\u00e9n\u00e9rales d&rsquo;utilisation du Snake Gliss"},"content":{"rendered":"<div data-elementor-type=\"wp-page\" data-elementor-id=\"1399\" class=\"elementor elementor-1399\">\n\t\t\t\t<div class=\"elementor-element elementor-element-a9a419e e-flex e-con-boxed e-con e-parent\" data-id=\"a9a419e\" data-element_type=\"container\">\n\t\t\t\t\t<div class=\"e-con-inner\">\n\t\t\t\t<div class=\"elementor-element elementor-element-4699575 elementor-widget elementor-widget-text-editor\" data-id=\"4699575\" data-element_type=\"widget\" data-widget_type=\"text-editor.default\">\n\t\t\t\t<div class=\"elementor-widget-container\">\n\t\t\t\t\t\t\t\t\t<p><b>CGU \u2013 Grande descente<\/b><\/p><p><b>\u00c0 partir de 8 ans<\/b><\/p><p>L&rsquo;acc\u00e8s pour la grande descente de Snakegliss se fait par la t\u00e9l\u00e9cabine du Vieux Moulin. De ce fait, vous devez disposer d&rsquo;un titre de transport de la station de Val Cenis en cours de validit\u00e9 : forfait de ski et\/ou forfait pi\u00e9ton (un point de vente de forfait se trouve au point de RDV au d\u00e9part de la t\u00e9l\u00e9cabine du Vieux Moulin).<\/p><p><b>Les personnes s&rsquo;engagent \u00e0 disposer :<\/b><\/p><ul><li aria-level=\"1\">D&rsquo;une responsabilit\u00e9 civile en cours de validit\u00e9.<\/li><li aria-level=\"1\">D&rsquo;une bonne condition physique, la position sur les snakegliss est assise avec les jambes repli\u00e9es \u00e0 plus de 90\u00b0, les 2 bras servent \u00e0 se tenir et \u00e0 s&rsquo;\u00e9quilibrer dans les virages.<\/li><\/ul><p>Les abdominaux et les bras sont r\u00e9ellement sollicit\u00e9s (la descente a une dur\u00e9e qui peut varier entre 40 minutes et 1 heure en fonction de la m\u00e9t\u00e9o et de la qualit\u00e9 de la neige, humide, dure ou fra\u00eeche).<\/p><p><b>La pratique du snakegliss est interdite aux personnes souffrant de probl\u00e8mes<\/b> :<\/p><ul><li aria-level=\"1\">Blessures physiques ( entorses,mal de dos)<\/li><li aria-level=\"1\">De surpoids extr\u00eame.<\/li><\/ul><p><b>La pratique du snakegliss est d\u00e9conseill\u00e9e aux personnes :<\/b><\/p><p>\u2013 Ayant\u00a0subi une op\u00e9ration r\u00e9cente (si cela est votre cas, merci de nous en informer au plus vite pour \u00e9valuer votre aptitude ou non \u00e0 la pratique du snakegliss).<\/p><ul><li aria-level=\"1\">Enceinte.<\/li><li aria-level=\"1\">Invalidit\u00e9 physique ou mentale.<\/li><\/ul><p><b>Consigne de s\u00e9curit\u00e9 :<\/b><\/p><p>Pendant la mont\u00e9e en t\u00e9l\u00e9cabine, il est interdit de monter sur les luges, de les accrocher les unes aux autres, de chahuter, de sauter ou de lancer les luges.<\/p><p>Une fois arriv\u00e9 au sommet de la t\u00e9l\u00e9cabine, il est important de lib\u00e9rer l&rsquo;aire de d\u00e9barquement au plus vite pour ne pas g\u00eaner les autres usagers. de ranger les luges de fa\u00e7on \u00e0 ce qu&rsquo;elles ne g\u00eanent pas les skieurs ou les pi\u00e9tons.<\/p><p>D&rsquo;attendre les organisateurs en face de la t\u00e9l\u00e9cabine vers la salle hors sac.<\/p><p>Le pilote est le seul ma\u00eetre \u00e0 bord, merci de vous soumettre aux consignes qu&rsquo;il sera amen\u00e9 \u00e0 vous donner.<\/p><p>Les pilotes sont tous des professionnels de la montagne, merci de les \u00e9couter autant pour les consignes directement li\u00e9es \u00e0 la pratique du snakegliss qu&rsquo;\u00e0 toutes autres consignes qu&rsquo;ils pourront \u00eatre amen\u00e9s \u00e0 vous communiquer (conditions m\u00e9t\u00e9orologiques, nivologiques ou autres).<\/p><p>Un briefing de rappel des consignes de s\u00e9curit\u00e9 sera effectu\u00e9 avant le d\u00e9part (merci d&rsquo;\u00eatre bien attentif pendant le briefing).<\/p><p><b>Consigne de s\u00e9curit\u00e9 pendant la descente<\/b> :<\/p><p>La position sur les luges est assise avec les pieds sur la luge de la personne devant vous, les mains viennent se loger sur les poign\u00e9es de part et d&rsquo;autre de la luge (c\u00f4t\u00e9 droit et gauche).<\/p><p>Attention, les mains doivent \u00eatre positionn\u00e9es \u00e0 l&rsquo;int\u00e9rieur des trous qui se trouvent des deux c\u00f4t\u00e9s de la luge. De cette fa\u00e7on, vos mains sont prot\u00e9g\u00e9es des \u00e9ventuels chocs avec les autres luges.<\/p><p>Pendant toute la dur\u00e9e de la descente, vous ne devez en aucun cas enlever vos mains ou vos jambes des emplacements pr\u00e9vus \u00e0 cet effet.<\/p><p>Le train peut parfois faire des t\u00eate \u00e0 queue ; quand cela arrive, il faut encore une fois garder la position expliqu\u00e9e plus haut.<\/p><p>Le snakegliss est un train de luges, les luges sont accroch\u00e9es les unes aux autres.<\/p><p>Ce train de luges est pr\u00e9vu pour s&rsquo;onduler dans les virages, vous devez donc ne pas perturber ces ondulations. Pour ce faire, vous devez \u00eatre bien gain\u00e9 dans le haut du corps et bien souple dans vos hanches et vos jambes.<\/p><p>Si vous gagnez vos hanches ou vos jambes, cela a pour cons\u00e9quence de perturber l&rsquo;ondulation et de g\u00eaner le pilotage.<\/p><p>Pendant la descente, il est possible de tomber du train en marche (pas de panique, vous n&rsquo;aurez qu&rsquo;\u00e0 vous manifester pour que le pilote s&rsquo;aper\u00e7oive que vous \u00eates tomb\u00e9). Le train ne peut pas s&rsquo;arr\u00eater d&rsquo;un coup, il faudra au pilote une certaine distance pour stopper le train et vous inviter \u00e0 reprendre place sur votre luge.<\/p><p>Vous devez disposer d&rsquo;un \u00e9quipement ad\u00e9quat, car la neige peut \u00eatre abrasive, froide et les temp\u00e9ratures peuvent parfois descendre jusqu&rsquo;\u00e0 -15 degr\u00e9s Celsius.-\u00a0<\/p><ul><li aria-level=\"1\">\u00a0Une paire de gants chauds (pour le ski)<\/li><li aria-level=\"1\">D&rsquo;une veste et d&rsquo;un pantalon chaud (pour le ski).<\/li><li aria-level=\"1\">D&rsquo;une paire de chaussures chaudes et montantes apr\u00e8s-ski (boots de snowboard autoris\u00e9s, chaussures de ski interdites).<\/li><li aria-level=\"1\">D&rsquo;un casque.<\/li><\/ul><p>\u00a0<b>CGV \u2013 Descente d\u00e9couverte<\/b><\/p><p><b>\u00c0 partir de 6 ans<\/b><\/p><p>L&rsquo;acc\u00e8s pour la descente d\u00e9couverte de SnakeGliss se fait par le t\u00e9l\u00e9si\u00e8ge de Colomba. De ce fait, vous devez disposer d&rsquo;un titre de transport de la station de Val Cenis en cours de validit\u00e9 : forfait de ski et\/ou forfait pi\u00e9ton<\/p><p><b>Les personnes s&rsquo;engagent \u00e0 disposer<\/b> :<\/p><ul><li aria-level=\"1\">D&rsquo;une responsabilit\u00e9 civile en cours de validit\u00e9.<\/li><li aria-level=\"1\">\u00a0D&rsquo;une bonne condition physique, la position sur les snakegliss est assise avec les jambes repli\u00e9es \u00e0 plus de 90\u00b0, les 2 bras servent \u00e0 se tenir et \u00e0 s&rsquo;\u00e9quilibrer dans les virages.<\/li><\/ul><p>Les abdominaux et les bras sont r\u00e9ellement sollicit\u00e9s (la descente a une dur\u00e9e qui peut varier entre 15 et 20 minutes en fonction de la m\u00e9t\u00e9o et de la qualit\u00e9 de la neige, humide, dure ou fra\u00eeche).<\/p><p><b>La pratique du snakegliss est interdite<\/b> aux personnes souffrant de probl\u00e8mes :<\/p><ul><li aria-level=\"1\">De blessures physiques (entorses, mal de dos).<\/li><li aria-level=\"1\">D&rsquo;un surpoids extr\u00eame.<\/li><\/ul><p><b>La pratique du snakegliss est d\u00e9conseill\u00e9e aux personnes<\/b> :<\/p><ul><li aria-level=\"1\">Ayant\u00a0subi une op\u00e9ration r\u00e9cente (si cela est votre cas, merci de nous en informer au plus vite pour \u00e9valuer votre aptitude ou non \u00e0 la pratique du snakegliss).<\/li><li aria-level=\"1\">\u00a0Enceinte.<\/li><li aria-level=\"1\">\u00a0Invalidit\u00e9 physique ou mentale.<\/li><\/ul><p><b>Consigne de s\u00e9curit\u00e9 :<\/b><\/p><p>\u2013 Pendant la mont\u00e9e sur le t\u00e9l\u00e9si\u00e8ge, chaque personne prend la luge et la positionne \u00e0 la verticale\u00a0\u00e0 c\u00f4t\u00e9 d&rsquo;elle. Il est interdit de monter sur les luges, de les accrocher les unes aux autres, de chahuter, de sauter ou de lancer les luges.<\/p><p>Une fois arriv\u00e9 au sommet du t\u00e9l\u00e9si\u00e8ge de Colomba, il est important de lib\u00e9rer l&rsquo;aire de d\u00e9barquement au plus vite pour ne pas g\u00eaner les autres usagers. de ranger les luges de fa\u00e7on \u00e0 ce qu&rsquo;elles ne g\u00eanent pas les skieurs ou les pi\u00e9tons.<\/p><p>Le pilote est le seul ma\u00eetre \u00e0 bord, merci de vous soumettre aux consignes qu&rsquo;il sera amen\u00e9 \u00e0 vous donner.<\/p><p>Les pilotes sont tous des professionnels de la montagne, merci de les \u00e9couter autant pour les consignes directement li\u00e9es \u00e0 la pratique du snakegliss qu&rsquo;\u00e0 toutes autres consignes qu&rsquo;ils pourront \u00eatre amen\u00e9s \u00e0 vous communiquer (conditions m\u00e9t\u00e9orologiques, nivologiques ou autres).<\/p><p>Un briefing de rappel des consignes de s\u00e9curit\u00e9 sera effectu\u00e9 avant le d\u00e9part (merci d&rsquo;\u00eatre bien attentif pendant le briefing).<\/p><p><b>Consigne de s\u00e9curit\u00e9 pendant la descente :<\/b><\/p><p>La position sur les luges est assise avec les pieds sur la luge de la personne devant vous, les mains viennent se loger sur les poign\u00e9es de part et d&rsquo;autre de la luge (c\u00f4t\u00e9 droit et gauche).<\/p><p>Attention, les mains doivent \u00eatre positionn\u00e9es \u00e0 l&rsquo;int\u00e9rieur des trous qui se trouvent des deux c\u00f4t\u00e9s de la luge. De cette fa\u00e7on, vos mains sont prot\u00e9g\u00e9es des \u00e9ventuels chocs avec les autres luges.<\/p><p>Pendant toute la dur\u00e9e de la descente, vous ne devez en aucun cas enlever vos mains ou vos jambes des emplacements pr\u00e9vus \u00e0 cet effet.<\/p><p>Le train peut parfois faire des t\u00eate \u00e0 queue ; quand cela arrive, il faut encore une fois garder la position expliqu\u00e9e plus haut.<\/p><p>Le snakegliss est un train de luges, les luges sont accroch\u00e9es les unes aux autres.<\/p><p>Ce train de luges est pr\u00e9vu pour s&rsquo;onduler dans les virages, vous devez donc ne pas perturber ces ondulations. Pour ce faire, vous devez \u00eatre bien gain\u00e9 dans le haut du corps et bien souple dans vos hanches et vos jambes.<\/p><p>Si vous gagnez vos hanches ou vos jambes, cela a pour cons\u00e9quence de perturber l&rsquo;ondulation et de g\u00eaner le pilotage.<\/p><p>Pendant la descente, il est possible de tomber du train en marche (pas de panique, vous n&rsquo;aurez qu&rsquo;\u00e0 vous manifester pour que le pilote s&rsquo;aper\u00e7oive que vous \u00eates tomb\u00e9). Le train ne peut pas s&rsquo;arr\u00eater d&rsquo;un coup, il faudra au pilote une certaine distance pour stopper le train et vous inviter \u00e0 reprendre place sur votre luge.<\/p><p>Vous devez disposer d&rsquo;un \u00e9quipement ad\u00e9quat, car la neige peut \u00eatre abrasive, froide et les temp\u00e9ratures peuvent parfois descendre jusqu&rsquo;\u00e0 -15 degr\u00e9s Celsius.<\/p><ul><li aria-level=\"1\">\u00a0Une paire de gants chauds (pour le ski).<\/li><li aria-level=\"1\">D&rsquo;une veste et d&rsquo;un pantalon chaud (pour le ski).<\/li><li aria-level=\"1\">D&rsquo;une paire de chaussures chaudes et montantes apr\u00e8s-ski (boots de snowboard autoris\u00e9s, chaussures de ski interdites).<\/li><li aria-level=\"1\">D&rsquo;un casque.<\/li><\/ul><p><strong>J&rsquo;ai bien lu les conditions g\u00e9n\u00e9rales d&rsquo;utilisation et j&rsquo;y adh\u00e8re sans r\u00e9serve et renonce \u00e0 toutes les responsabilit\u00e9es sur la soci\u00e9t\u00e9 GlissXp\u00e9rience<\/strong><\/p><p>Val\u00e9rie &amp; Matthieu<\/p><p>Ch\u00e2let ch\u00eane<br \/>11 impasse de la clairi\u00e8re<br \/>73480 Bonneval sur arc<\/p><p>Tel: +33(0)677227267 \/ +33(0)678425972<\/p>\t\t\t\t\t\t\t\t<\/div>\n\t\t\t\t<\/div>\n\t\t\t\t\t<\/div>\n\t\t\t\t<\/div>\n\t\t\t\t<\/div>","protected":false},"excerpt":{"rendered":"<p>CGU \u2013 Grande descente \u00c0 partir de 8 ans L&rsquo;acc\u00e8s pour la grande descente de Snakegliss se fait par la t\u00e9l\u00e9cabine du Vieux Moulin. De ce fait, vous devez disposer d&rsquo;un titre de transport de la station de Val Cenis en cours de validit\u00e9 : forfait de ski et\/ou forfait pi\u00e9ton (un point de vente [&hellip;]<\/p>","protected":false},"author":1,"featured_media":0,"parent":0,"menu_order":0,"comment_status":"closed","ping_status":"closed","template":"elementor_theme","meta":{"site-sidebar-layout":"default","site-content-layout":"","ast-site-content-layout":"default","site-content-style":"default","site-sidebar-style":"default","ast-global-header-display":"","ast-banner-title-visibility":"","ast-main-header-display":"","ast-hfb-above-header-display":"","ast-hfb-below-header-display":"","ast-hfb-mobile-header-display":"","site-post-title":"","ast-breadcrumbs-content":"","ast-featured-img":"","footer-sml-layout":"","theme-transparent-header-meta":"","adv-header-id-meta":"","stick-header-meta":"","header-above-stick-meta":"","header-main-stick-meta":"","header-below-stick-meta":"","astra-migrate-meta-layouts":"set","ast-page-background-enabled":"default","ast-page-background-meta":{"desktop":{"background-color":"","background-image":"","background-repeat":"repeat","background-position":"center center","background-size":"auto","background-attachment":"scroll","background-type":"","background-media":"","overlay-type":"","overlay-color":"","overlay-opacity":"","overlay-gradient":""},"tablet":{"background-color":"","background-image":"","background-repeat":"repeat","background-position":"center center","background-size":"auto","background-attachment":"scroll","background-type":"","background-media":"","overlay-type":"","overlay-color":"","overlay-opacity":"","overlay-gradient":""},"mobile":{"background-color":"","background-image":"","background-repeat":"repeat","background-position":"center center","background-size":"auto","background-attachment":"scroll","background-type":"","background-media":"","overlay-type":"","overlay-color":"","overlay-opacity":"","overlay-gradient":""}},"ast-content-background-meta":{"desktop":{"background-color":"var(--ast-global-color-5)","background-image":"","background-repeat":"repeat","background-position":"center center","background-size":"auto","background-attachment":"scroll","background-type":"","background-media":"","overlay-type":"","overlay-color":"","overlay-opacity":"","overlay-gradient":""},"tablet":{"background-color":"var(--ast-global-color-5)","background-image":"","background-repeat":"repeat","background-position":"center center","background-size":"auto","background-attachment":"scroll","background-type":"","background-media":"","overlay-type":"","overlay-color":"","overlay-opacity":"","overlay-gradient":""},"mobile":{"background-color":"var(--ast-global-color-5)","background-image":"","background-repeat":"repeat","background-position":"center center","background-size":"auto","background-attachment":"scroll","background-type":"","background-media":"","overlay-type":"","overlay-color":"","overlay-opacity":"","overlay-gradient":""}},"footnotes":""},"class_list":["post-1399","page","type-page","status-publish","hentry"],"yoast_head":"<!-- This site is optimized with the Yoast SEO plugin v24.4 - https:\/\/yoast.com\/wordpress\/plugins\/seo\/ -->\n<title>Conditions g\u00e9n\u00e9rales d&#039;utilisation du Snake Gliss - Gliss Xperience<\/title>\n<meta name=\"robots\" content=\"index, follow, max-snippet:-1, max-image-preview:large, max-video-preview:-1\" \/>\n<link rel=\"canonical\" href=\"https:\/\/glissxperience.fr\/en\/conditions-generales-dutilisation\/\" \/>\n<meta property=\"og:locale\" content=\"en_GB\" \/>\n<meta property=\"og:type\" content=\"article\" \/>\n<meta property=\"og:title\" content=\"Conditions g\u00e9n\u00e9rales d&#039;utilisation du Snake Gliss - Gliss Xperience\" \/>\n<meta property=\"og:description\" content=\"CGU \u2013 Grande descente \u00c0 partir de 8 ans L&rsquo;acc\u00e8s pour la grande descente de Snakegliss se fait par la t\u00e9l\u00e9cabine du Vieux Moulin. De ce fait, vous devez disposer d&rsquo;un titre de transport de la station de Val Cenis en cours de validit\u00e9 : forfait de ski et\/ou forfait pi\u00e9ton (un point de vente [&hellip;]\" \/>\n<meta property=\"og:url\" content=\"https:\/\/glissxperience.fr\/en\/conditions-generales-dutilisation\/\" \/>\n<meta property=\"og:site_name\" content=\"Gliss Xperience\" \/>\n<meta property=\"article:modified_time\" content=\"2026-01-13T10:04:27+00:00\" \/>\n<meta name=\"twitter:card\" content=\"summary_large_image\" \/>\n<meta name=\"twitter:label1\" content=\"Estimated reading time\" \/>\n\t<meta name=\"twitter:data1\" content=\"8 minutes\" \/>\n<script type=\"application\/ld+json\" class=\"yoast-schema-graph\">{\"@context\":\"https:\/\/schema.org\",\"@graph\":[{\"@type\":\"WebPage\",\"@id\":\"https:\/\/glissxperience.fr\/conditions-generales-dutilisation\/\",\"url\":\"https:\/\/glissxperience.fr\/conditions-generales-dutilisation\/\",\"name\":\"Conditions g\u00e9n\u00e9rales d'utilisation du Snake Gliss - Gliss Xperience\",\"isPartOf\":{\"@id\":\"https:\/\/glissxperience.fr\/#website\"},\"datePublished\":\"2024-01-22T14:03:32+00:00\",\"dateModified\":\"2026-01-13T10:04:27+00:00\",\"breadcrumb\":{\"@id\":\"https:\/\/glissxperience.fr\/conditions-generales-dutilisation\/#breadcrumb\"},\"inLanguage\":\"en-GB\",\"potentialAction\":[{\"@type\":\"ReadAction\",\"target\":[\"https:\/\/glissxperience.fr\/conditions-generales-dutilisation\/\"]}]},{\"@type\":\"BreadcrumbList\",\"@id\":\"https:\/\/glissxperience.fr\/conditions-generales-dutilisation\/#breadcrumb\",\"itemListElement\":[{\"@type\":\"ListItem\",\"position\":1,\"name\":\"Accueil\",\"item\":\"https:\/\/glissxperience.fr\/\"},{\"@type\":\"ListItem\",\"position\":2,\"name\":\"Conditions g\u00e9n\u00e9rales d&rsquo;utilisation du Snake Gliss\"}]},{\"@type\":\"WebSite\",\"@id\":\"https:\/\/glissxperience.fr\/#website\",\"url\":\"https:\/\/glissxperience.fr\/\",\"name\":\"Gliss Xperience\",\"description\":\"Outdoor Sports Adventure Website\",\"potentialAction\":[{\"@type\":\"SearchAction\",\"target\":{\"@type\":\"EntryPoint\",\"urlTemplate\":\"https:\/\/glissxperience.fr\/?s={search_term_string}\"},\"query-input\":{\"@type\":\"PropertyValueSpecification\",\"valueRequired\":true,\"valueName\":\"search_term_string\"}}],\"inLanguage\":\"en-GB\"}]}<\/script>\n<!-- \/ Yoast SEO plugin. -->","yoast_head_json":{"title":"Conditions g\u00e9n\u00e9rales d'utilisation du Snake Gliss - Gliss Xperience","robots":{"index":"index","follow":"follow","max-snippet":"max-snippet:-1","max-image-preview":"max-image-preview:large","max-video-preview":"max-video-preview:-1"},"canonical":"https:\/\/glissxperience.fr\/en\/conditions-generales-dutilisation\/","og_locale":"en_GB","og_type":"article","og_title":"Conditions g\u00e9n\u00e9rales d'utilisation du Snake Gliss - Gliss Xperience","og_description":"CGU \u2013 Grande descente \u00c0 partir de 8 ans L&rsquo;acc\u00e8s pour la grande descente de Snakegliss se fait par la t\u00e9l\u00e9cabine du Vieux Moulin. De ce fait, vous devez disposer d&rsquo;un titre de transport de la station de Val Cenis en cours de validit\u00e9 : forfait de ski et\/ou forfait pi\u00e9ton (un point de vente [&hellip;]","og_url":"https:\/\/glissxperience.fr\/en\/conditions-generales-dutilisation\/","og_site_name":"Gliss Xperience","article_modified_time":"2026-01-13T10:04:27+00:00","twitter_card":"summary_large_image","twitter_misc":{"Estimated reading time":"8 minutes"},"schema":{"@context":"https:\/\/schema.org","@graph":[{"@type":"WebPage","@id":"https:\/\/glissxperience.fr\/conditions-generales-dutilisation\/","url":"https:\/\/glissxperience.fr\/conditions-generales-dutilisation\/","name":"Conditions g\u00e9n\u00e9rales d'utilisation du Snake Gliss - Gliss Xperience","isPartOf":{"@id":"https:\/\/glissxperience.fr\/#website"},"datePublished":"2024-01-22T14:03:32+00:00","dateModified":"2026-01-13T10:04:27+00:00","breadcrumb":{"@id":"https:\/\/glissxperience.fr\/conditions-generales-dutilisation\/#breadcrumb"},"inLanguage":"en-GB","potentialAction":[{"@type":"ReadAction","target":["https:\/\/glissxperience.fr\/conditions-generales-dutilisation\/"]}]},{"@type":"BreadcrumbList","@id":"https:\/\/glissxperience.fr\/conditions-generales-dutilisation\/#breadcrumb","itemListElement":[{"@type":"ListItem","position":1,"name":"Accueil","item":"https:\/\/glissxperience.fr\/"},{"@type":"ListItem","position":2,"name":"Conditions g\u00e9n\u00e9rales d&rsquo;utilisation du Snake Gliss"}]},{"@type":"WebSite","@id":"https:\/\/glissxperience.fr\/#website","url":"https:\/\/glissxperience.fr\/","name":"Gliss Xperience","description":"Outdoor Sports Adventure Website","potentialAction":[{"@type":"SearchAction","target":{"@type":"EntryPoint","urlTemplate":"https:\/\/glissxperience.fr\/?s={search_term_string}"},"query-input":{"@type":"PropertyValueSpecification","valueRequired":true,"valueName":"search_term_string"}}],"inLanguage":"en-GB"}]}},"_links":{"self":[{"href":"https:\/\/glissxperience.fr\/en\/wp-json\/wp\/v2\/pages\/1399","targetHints":{"allow":["GET"]}}],"collection":[{"href":"https:\/\/glissxperience.fr\/en\/wp-json\/wp\/v2\/pages"}],"about":[{"href":"https:\/\/glissxperience.fr\/en\/wp-json\/wp\/v2\/types\/page"}],"author":[{"embeddable":true,"href":"https:\/\/glissxperience.fr\/en\/wp-json\/wp\/v2\/users\/1"}],"replies":[{"embeddable":true,"href":"https:\/\/glissxperience.fr\/en\/wp-json\/wp\/v2\/comments?post=1399"}],"version-history":[{"count":17,"href":"https:\/\/glissxperience.fr\/en\/wp-json\/wp\/v2\/pages\/1399\/revisions"}],"predecessor-version":[{"id":1798,"href":"https:\/\/glissxperience.fr\/en\/wp-json\/wp\/v2\/pages\/1399\/revisions\/1798"}],"wp:attachment":[{"href":"https:\/\/glissxperience.fr\/en\/wp-json\/wp\/v2\/media?parent=1399"}],"curies":[{"name":"wp","href":"https:\/\/api.w.org\/{rel}","templated":true}]}}